{"id":999,"date":"2021-11-22T03:33:16","date_gmt":"2021-11-22T02:33:16","guid":{"rendered":"https:\/\/second.balvera.com\/?post_type=product&#038;p=999"},"modified":"2021-11-22T03:39:27","modified_gmt":"2021-11-22T02:39:27","slug":"gebackene-cashewkerne","status":"publish","type":"product","link":"https:\/\/balvera.com\/?product=gebackene-cashewkerne","title":{"rendered":"Gebackene Cashewkerne"},"content":{"rendered":"<p>Cashewn\u00fcsse sind reich an Magnesium und Phosphor. Magnesium spielt eine wichtige Rolle bei der St\u00e4rkung der Knochen und der Aktivit\u00e4t von Enzymen. Cashewn\u00fcsse enthalten auch Eisen, das ein wichtiger Bestandteil des H\u00e4moglobins ist, das Teil der roten Blutk\u00f6rperchen ist. Es hat einen niedrigen glyk\u00e4mischen Index (22 +\/- 5) und eine niedrige glyk\u00e4mische Ladung (2,86 \/ 50 g). Dies macht es zu einem empfohlenen Bestandteil der Ern\u00e4hrung von \u00fcbergewichtigen Menschen und Diabetikern.<\/p>\n<p>Eine der am meisten gesch\u00e4tzten Funktionen von Cashewn\u00fcssen ist die F\u00e4higkeit, in den Kinderschuhen die freien Radikale zu eliminieren, die f\u00fcr die rasche Entwicklung von Krebs und den Alterungsprozess verantwortlich sind.<\/p>\n<p>Gleichzeitig stimuliert es die Produktion des Hauptpigments Melanin in Haut und Haar.<\/p>\n","protected":false},"excerpt":{"rendered":"<p>Cashewn\u00fcsse sind reich an Magnesium und Phosphor. Magnesium spielt eine wichtige Rolle bei der St\u00e4rkung der Knochen und der Aktivit\u00e4t&#8230;<\/p>\n","protected":false},"featured_media":1004,"comment_status":"open","ping_status":"closed","template":"","meta":{"_monsterinsights_skip_tracking":false,"_monsterinsights_sitenote_active":false,"_monsterinsights_sitenote_note":"","_monsterinsights_sitenote_category":0},"product_brand":[],"product_cat":[47,52],"product_tag":[240],"class_list":{"0":"post-999","1":"product","2":"type-product","3":"status-publish","4":"has-post-thumbnail","6":"product_cat-lebensmittel","7":"product_cat-nusse-und-samen","8":"product_tag-gebackene-cashewkerne","10":"first","11":"instock","12":"shipping-taxable","13":"purchasable","14":"product-type-simple"},"yoast_head":"<!-- This site is optimized with the Yoast SEO plugin v26.7 - https:\/\/yoast.com\/wordpress\/plugins\/seo\/ -->\n<title>Gebackene Cashewkerne - Gew\u00fcrze Balvera<\/title>\n<meta name=\"robots\" content=\"index, follow, max-snippet:-1, max-image-preview:large, max-video-preview:-1\" \/>\n<link rel=\"canonical\" href=\"https:\/\/balvera.com\/?product=gebackene-cashewkerne\" \/>\n<meta property=\"og:locale\" content=\"de_DE\" \/>\n<meta property=\"og:type\" content=\"article\" \/>\n<meta property=\"og:title\" content=\"Gebackene Cashewkerne - Gew\u00fcrze Balvera\" \/>\n<meta property=\"og:description\" content=\"Cashewn\u00fcsse sind reich an Magnesium und Phosphor. Magnesium spielt eine wichtige Rolle bei der St\u00e4rkung der Knochen und der Aktivit\u00e4t...\" \/>\n<meta property=\"og:url\" content=\"https:\/\/balvera.com\/?product=gebackene-cashewkerne\" \/>\n<meta property=\"og:site_name\" content=\"Gew\u00fcrze Balvera\" \/>\n<meta property=\"article:modified_time\" content=\"2021-11-22T02:39:27+00:00\" \/>\n<meta property=\"og:image\" content=\"https:\/\/balvera.com\/wp-content\/uploads\/2021\/11\/gebackene-cashewkerne-1kg-1.jpg\" \/>\n\t<meta property=\"og:image:width\" content=\"800\" \/>\n\t<meta property=\"og:image:height\" content=\"800\" \/>\n\t<meta property=\"og:image:type\" content=\"image\/jpeg\" \/>\n<meta name=\"twitter:card\" content=\"summary_large_image\" \/>\n<meta name=\"twitter:label1\" content=\"Gesch\u00e4tzte Lesezeit\" \/>\n\t<meta name=\"twitter:data1\" content=\"1\u00a0Minute\" \/>\n<script type=\"application\/ld+json\" class=\"yoast-schema-graph\">{\"@context\":\"https:\/\/schema.org\",\"@graph\":[{\"@type\":\"WebPage\",\"@id\":\"https:\/\/balvera.com\/?product=gebackene-cashewkerne\",\"url\":\"https:\/\/balvera.com\/?product=gebackene-cashewkerne\",\"name\":\"Gebackene Cashewkerne - Gew\u00fcrze Balvera\",\"isPartOf\":{\"@id\":\"https:\/\/balvera.com\/#website\"},\"primaryImageOfPage\":{\"@id\":\"https:\/\/balvera.com\/?product=gebackene-cashewkerne#primaryimage\"},\"image\":{\"@id\":\"https:\/\/balvera.com\/?product=gebackene-cashewkerne#primaryimage\"},\"thumbnailUrl\":\"https:\/\/balvera.com\/wp-content\/uploads\/2021\/11\/gebackene-cashewkerne-1kg-1.jpg\",\"datePublished\":\"2021-11-22T02:33:16+00:00\",\"dateModified\":\"2021-11-22T02:39:27+00:00\",\"breadcrumb\":{\"@id\":\"https:\/\/balvera.com\/?product=gebackene-cashewkerne#breadcrumb\"},\"inLanguage\":\"de\",\"potentialAction\":[{\"@type\":\"ReadAction\",\"target\":[\"https:\/\/balvera.com\/?product=gebackene-cashewkerne\"]}]},{\"@type\":\"ImageObject\",\"inLanguage\":\"de\",\"@id\":\"https:\/\/balvera.com\/?product=gebackene-cashewkerne#primaryimage\",\"url\":\"https:\/\/balvera.com\/wp-content\/uploads\/2021\/11\/gebackene-cashewkerne-1kg-1.jpg\",\"contentUrl\":\"https:\/\/balvera.com\/wp-content\/uploads\/2021\/11\/gebackene-cashewkerne-1kg-1.jpg\",\"width\":800,\"height\":800},{\"@type\":\"BreadcrumbList\",\"@id\":\"https:\/\/balvera.com\/?product=gebackene-cashewkerne#breadcrumb\",\"itemListElement\":[{\"@type\":\"ListItem\",\"position\":1,\"name\":\"Home\",\"item\":\"https:\/\/balvera.com\/\"},{\"@type\":\"ListItem\",\"position\":2,\"name\":\"Shop\",\"item\":\"https:\/\/balvera.com\/?page_id=12\"},{\"@type\":\"ListItem\",\"position\":3,\"name\":\"Gebackene Cashewkerne\"}]},{\"@type\":\"WebSite\",\"@id\":\"https:\/\/balvera.com\/#website\",\"url\":\"https:\/\/balvera.com\/\",\"name\":\"Gew\u00fcrze Balvera\",\"description\":\"Gew\u00fcrze, Trockenfr\u00fcchte, N\u00fcsse und Samen, SPORTERN\u00c4HRUNG\",\"publisher\":{\"@id\":\"https:\/\/balvera.com\/#organization\"},\"potentialAction\":[{\"@type\":\"SearchAction\",\"target\":{\"@type\":\"EntryPoint\",\"urlTemplate\":\"https:\/\/balvera.com\/?s={search_term_string}\"},\"query-input\":{\"@type\":\"PropertyValueSpecification\",\"valueRequired\":true,\"valueName\":\"search_term_string\"}}],\"inLanguage\":\"de\"},{\"@type\":\"Organization\",\"@id\":\"https:\/\/balvera.com\/#organization\",\"name\":\"Gew\u00fcrze Balvera\",\"url\":\"https:\/\/balvera.com\/\",\"logo\":{\"@type\":\"ImageObject\",\"inLanguage\":\"de\",\"@id\":\"https:\/\/balvera.com\/#\/schema\/logo\/image\/\",\"url\":\"https:\/\/balvera.com\/wp-content\/uploads\/2021\/11\/cropped-cropped-balvera-LOGO.png\",\"contentUrl\":\"https:\/\/balvera.com\/wp-content\/uploads\/2021\/11\/cropped-cropped-balvera-LOGO.png\",\"width\":297,\"height\":51,\"caption\":\"Gew\u00fcrze Balvera\"},\"image\":{\"@id\":\"https:\/\/balvera.com\/#\/schema\/logo\/image\/\"}}]}<\/script>\n<!-- \/ Yoast SEO plugin. -->","yoast_head_json":{"title":"Gebackene Cashewkerne - Gew\u00fcrze Balvera","robots":{"index":"index","follow":"follow","max-snippet":"max-snippet:-1","max-image-preview":"max-image-preview:large","max-video-preview":"max-video-preview:-1"},"canonical":"https:\/\/balvera.com\/?product=gebackene-cashewkerne","og_locale":"de_DE","og_type":"article","og_title":"Gebackene Cashewkerne - Gew\u00fcrze Balvera","og_description":"Cashewn\u00fcsse sind reich an Magnesium und Phosphor. Magnesium spielt eine wichtige Rolle bei der St\u00e4rkung der Knochen und der Aktivit\u00e4t...","og_url":"https:\/\/balvera.com\/?product=gebackene-cashewkerne","og_site_name":"Gew\u00fcrze Balvera","article_modified_time":"2021-11-22T02:39:27+00:00","og_image":[{"width":800,"height":800,"url":"https:\/\/balvera.com\/wp-content\/uploads\/2021\/11\/gebackene-cashewkerne-1kg-1.jpg","type":"image\/jpeg"}],"twitter_card":"summary_large_image","twitter_misc":{"Gesch\u00e4tzte Lesezeit":"1\u00a0Minute"},"schema":{"@context":"https:\/\/schema.org","@graph":[{"@type":"WebPage","@id":"https:\/\/balvera.com\/?product=gebackene-cashewkerne","url":"https:\/\/balvera.com\/?product=gebackene-cashewkerne","name":"Gebackene Cashewkerne - Gew\u00fcrze Balvera","isPartOf":{"@id":"https:\/\/balvera.com\/#website"},"primaryImageOfPage":{"@id":"https:\/\/balvera.com\/?product=gebackene-cashewkerne#primaryimage"},"image":{"@id":"https:\/\/balvera.com\/?product=gebackene-cashewkerne#primaryimage"},"thumbnailUrl":"https:\/\/balvera.com\/wp-content\/uploads\/2021\/11\/gebackene-cashewkerne-1kg-1.jpg","datePublished":"2021-11-22T02:33:16+00:00","dateModified":"2021-11-22T02:39:27+00:00","breadcrumb":{"@id":"https:\/\/balvera.com\/?product=gebackene-cashewkerne#breadcrumb"},"inLanguage":"de","potentialAction":[{"@type":"ReadAction","target":["https:\/\/balvera.com\/?product=gebackene-cashewkerne"]}]},{"@type":"ImageObject","inLanguage":"de","@id":"https:\/\/balvera.com\/?product=gebackene-cashewkerne#primaryimage","url":"https:\/\/balvera.com\/wp-content\/uploads\/2021\/11\/gebackene-cashewkerne-1kg-1.jpg","contentUrl":"https:\/\/balvera.com\/wp-content\/uploads\/2021\/11\/gebackene-cashewkerne-1kg-1.jpg","width":800,"height":800},{"@type":"BreadcrumbList","@id":"https:\/\/balvera.com\/?product=gebackene-cashewkerne#breadcrumb","itemListElement":[{"@type":"ListItem","position":1,"name":"Home","item":"https:\/\/balvera.com\/"},{"@type":"ListItem","position":2,"name":"Shop","item":"https:\/\/balvera.com\/?page_id=12"},{"@type":"ListItem","position":3,"name":"Gebackene Cashewkerne"}]},{"@type":"WebSite","@id":"https:\/\/balvera.com\/#website","url":"https:\/\/balvera.com\/","name":"Gew\u00fcrze Balvera","description":"Gew\u00fcrze, Trockenfr\u00fcchte, N\u00fcsse und Samen, SPORTERN\u00c4HRUNG","publisher":{"@id":"https:\/\/balvera.com\/#organization"},"potentialAction":[{"@type":"SearchAction","target":{"@type":"EntryPoint","urlTemplate":"https:\/\/balvera.com\/?s={search_term_string}"},"query-input":{"@type":"PropertyValueSpecification","valueRequired":true,"valueName":"search_term_string"}}],"inLanguage":"de"},{"@type":"Organization","@id":"https:\/\/balvera.com\/#organization","name":"Gew\u00fcrze Balvera","url":"https:\/\/balvera.com\/","logo":{"@type":"ImageObject","inLanguage":"de","@id":"https:\/\/balvera.com\/#\/schema\/logo\/image\/","url":"https:\/\/balvera.com\/wp-content\/uploads\/2021\/11\/cropped-cropped-balvera-LOGO.png","contentUrl":"https:\/\/balvera.com\/wp-content\/uploads\/2021\/11\/cropped-cropped-balvera-LOGO.png","width":297,"height":51,"caption":"Gew\u00fcrze Balvera"},"image":{"@id":"https:\/\/balvera.com\/#\/schema\/logo\/image\/"}}]}},"_links":{"self":[{"href":"https:\/\/balvera.com\/index.php?rest_route=\/wp\/v2\/product\/999","targetHints":{"allow":["GET"]}}],"collection":[{"href":"https:\/\/balvera.com\/index.php?rest_route=\/wp\/v2\/product"}],"about":[{"href":"https:\/\/balvera.com\/index.php?rest_route=\/wp\/v2\/types\/product"}],"replies":[{"embeddable":true,"href":"https:\/\/balvera.com\/index.php?rest_route=%2Fwp%2Fv2%2Fcomments&post=999"}],"wp:featuredmedia":[{"embeddable":true,"href":"https:\/\/balvera.com\/index.php?rest_route=\/wp\/v2\/media\/1004"}],"wp:attachment":[{"href":"https:\/\/balvera.com\/index.php?rest_route=%2Fwp%2Fv2%2Fmedia&parent=999"}],"wp:term":[{"taxonomy":"product_brand","embeddable":true,"href":"https:\/\/balvera.com\/index.php?rest_route=%2Fwp%2Fv2%2Fproduct_brand&post=999"},{"taxonomy":"product_cat","embeddable":true,"href":"https:\/\/balvera.com\/index.php?rest_route=%2Fwp%2Fv2%2Fproduct_cat&post=999"},{"taxonomy":"product_tag","embeddable":true,"href":"https:\/\/balvera.com\/index.php?rest_route=%2Fwp%2Fv2%2Fproduct_tag&post=999"}],"curies":[{"name":"wp","href":"https:\/\/api.w.org\/{rel}","templated":true}]}}