{"id":594,"date":"2021-11-16T16:26:58","date_gmt":"2021-11-16T15:26:58","guid":{"rendered":"https:\/\/second.balvera.com\/?post_type=product&#038;p=594"},"modified":"2023-10-29T09:07:54","modified_gmt":"2023-10-29T08:07:54","slug":"anissamen","status":"publish","type":"product","link":"https:\/\/balvera.com\/?product=anissamen","title":{"rendered":"Anissamen 100g"},"content":{"rendered":"<p>Anis wird zum W\u00fcrzen von Saucen, Fleischgerichten und S\u00fc\u00dfigkeiten verwendet. Es wird zum Bestreuen von Brot und Geb\u00e4ck, zur Zubereitung von Getr\u00e4nken, zum W\u00fcrzen bei der Konservierung von sterilisierten frischen Gurken und anderem Gem\u00fcsekonserven verwendet.<\/p>\n","protected":false},"excerpt":{"rendered":"<p>Anis wird zum W\u00fcrzen von Saucen, Fleischgerichten und S\u00fc\u00dfigkeiten verwendet. Es wird zum Bestreuen von Brot und Geb\u00e4ck, zur Zubereitung&#8230;<\/p>\n","protected":false},"featured_media":595,"comment_status":"open","ping_status":"closed","template":"","meta":{"_monsterinsights_skip_tracking":false,"_monsterinsights_sitenote_active":false,"_monsterinsights_sitenote_note":"","_monsterinsights_sitenote_category":0},"product_brand":[],"product_cat":[48,47],"product_tag":[49],"class_list":{"0":"post-594","1":"product","2":"type-product","3":"status-publish","4":"has-post-thumbnail","6":"product_cat-gewurze","7":"product_cat-lebensmittel","8":"product_tag-anissamen","10":"first","11":"instock","12":"shipping-taxable","13":"purchasable","14":"product-type-simple"},"yoast_head":"<!-- This site is optimized with the Yoast SEO plugin v26.7 - https:\/\/yoast.com\/wordpress\/plugins\/seo\/ -->\n<title>Anissamen 100g - Gew\u00fcrze Balvera<\/title>\n<meta name=\"robots\" content=\"index, follow, max-snippet:-1, max-image-preview:large, max-video-preview:-1\" \/>\n<link rel=\"canonical\" href=\"https:\/\/balvera.com\/?product=anissamen\" \/>\n<meta property=\"og:locale\" content=\"de_DE\" \/>\n<meta property=\"og:type\" content=\"article\" \/>\n<meta property=\"og:title\" content=\"Anissamen 100g - Gew\u00fcrze Balvera\" \/>\n<meta property=\"og:description\" content=\"Anis wird zum W\u00fcrzen von Saucen, Fleischgerichten und S\u00fc\u00dfigkeiten verwendet. Es wird zum Bestreuen von Brot und Geb\u00e4ck, zur Zubereitung...\" \/>\n<meta property=\"og:url\" content=\"https:\/\/balvera.com\/?product=anissamen\" \/>\n<meta property=\"og:site_name\" content=\"Gew\u00fcrze Balvera\" \/>\n<meta property=\"article:modified_time\" content=\"2023-10-29T08:07:54+00:00\" \/>\n<meta property=\"og:image\" content=\"https:\/\/balvera.com\/wp-content\/uploads\/2021\/11\/anissamen-1kg.jpg\" \/>\n\t<meta property=\"og:image:width\" content=\"800\" \/>\n\t<meta property=\"og:image:height\" content=\"800\" \/>\n\t<meta property=\"og:image:type\" content=\"image\/jpeg\" \/>\n<meta name=\"twitter:card\" content=\"summary_large_image\" \/>\n<script type=\"application\/ld+json\" class=\"yoast-schema-graph\">{\"@context\":\"https:\/\/schema.org\",\"@graph\":[{\"@type\":\"WebPage\",\"@id\":\"https:\/\/balvera.com\/?product=anissamen\",\"url\":\"https:\/\/balvera.com\/?product=anissamen\",\"name\":\"Anissamen 100g - Gew\u00fcrze Balvera\",\"isPartOf\":{\"@id\":\"https:\/\/balvera.com\/#website\"},\"primaryImageOfPage\":{\"@id\":\"https:\/\/balvera.com\/?product=anissamen#primaryimage\"},\"image\":{\"@id\":\"https:\/\/balvera.com\/?product=anissamen#primaryimage\"},\"thumbnailUrl\":\"https:\/\/balvera.com\/wp-content\/uploads\/2021\/11\/anissamen-1kg.jpg\",\"datePublished\":\"2021-11-16T15:26:58+00:00\",\"dateModified\":\"2023-10-29T08:07:54+00:00\",\"breadcrumb\":{\"@id\":\"https:\/\/balvera.com\/?product=anissamen#breadcrumb\"},\"inLanguage\":\"de\",\"potentialAction\":[{\"@type\":\"ReadAction\",\"target\":[\"https:\/\/balvera.com\/?product=anissamen\"]}]},{\"@type\":\"ImageObject\",\"inLanguage\":\"de\",\"@id\":\"https:\/\/balvera.com\/?product=anissamen#primaryimage\",\"url\":\"https:\/\/balvera.com\/wp-content\/uploads\/2021\/11\/anissamen-1kg.jpg\",\"contentUrl\":\"https:\/\/balvera.com\/wp-content\/uploads\/2021\/11\/anissamen-1kg.jpg\",\"width\":800,\"height\":800},{\"@type\":\"BreadcrumbList\",\"@id\":\"https:\/\/balvera.com\/?product=anissamen#breadcrumb\",\"itemListElement\":[{\"@type\":\"ListItem\",\"position\":1,\"name\":\"Home\",\"item\":\"https:\/\/balvera.com\/\"},{\"@type\":\"ListItem\",\"position\":2,\"name\":\"Shop\",\"item\":\"https:\/\/balvera.com\/?page_id=12\"},{\"@type\":\"ListItem\",\"position\":3,\"name\":\"Anissamen 100g\"}]},{\"@type\":\"WebSite\",\"@id\":\"https:\/\/balvera.com\/#website\",\"url\":\"https:\/\/balvera.com\/\",\"name\":\"Gew\u00fcrze Balvera\",\"description\":\"Gew\u00fcrze, Trockenfr\u00fcchte, N\u00fcsse und Samen, SPORTERN\u00c4HRUNG\",\"publisher\":{\"@id\":\"https:\/\/balvera.com\/#organization\"},\"potentialAction\":[{\"@type\":\"SearchAction\",\"target\":{\"@type\":\"EntryPoint\",\"urlTemplate\":\"https:\/\/balvera.com\/?s={search_term_string}\"},\"query-input\":{\"@type\":\"PropertyValueSpecification\",\"valueRequired\":true,\"valueName\":\"search_term_string\"}}],\"inLanguage\":\"de\"},{\"@type\":\"Organization\",\"@id\":\"https:\/\/balvera.com\/#organization\",\"name\":\"Gew\u00fcrze Balvera\",\"url\":\"https:\/\/balvera.com\/\",\"logo\":{\"@type\":\"ImageObject\",\"inLanguage\":\"de\",\"@id\":\"https:\/\/balvera.com\/#\/schema\/logo\/image\/\",\"url\":\"https:\/\/balvera.com\/wp-content\/uploads\/2021\/11\/cropped-cropped-balvera-LOGO.png\",\"contentUrl\":\"https:\/\/balvera.com\/wp-content\/uploads\/2021\/11\/cropped-cropped-balvera-LOGO.png\",\"width\":297,\"height\":51,\"caption\":\"Gew\u00fcrze Balvera\"},\"image\":{\"@id\":\"https:\/\/balvera.com\/#\/schema\/logo\/image\/\"}}]}<\/script>\n<!-- \/ Yoast SEO plugin. -->","yoast_head_json":{"title":"Anissamen 100g - Gew\u00fcrze Balvera","robots":{"index":"index","follow":"follow","max-snippet":"max-snippet:-1","max-image-preview":"max-image-preview:large","max-video-preview":"max-video-preview:-1"},"canonical":"https:\/\/balvera.com\/?product=anissamen","og_locale":"de_DE","og_type":"article","og_title":"Anissamen 100g - Gew\u00fcrze Balvera","og_description":"Anis wird zum W\u00fcrzen von Saucen, Fleischgerichten und S\u00fc\u00dfigkeiten verwendet. Es wird zum Bestreuen von Brot und Geb\u00e4ck, zur Zubereitung...","og_url":"https:\/\/balvera.com\/?product=anissamen","og_site_name":"Gew\u00fcrze Balvera","article_modified_time":"2023-10-29T08:07:54+00:00","og_image":[{"width":800,"height":800,"url":"https:\/\/balvera.com\/wp-content\/uploads\/2021\/11\/anissamen-1kg.jpg","type":"image\/jpeg"}],"twitter_card":"summary_large_image","schema":{"@context":"https:\/\/schema.org","@graph":[{"@type":"WebPage","@id":"https:\/\/balvera.com\/?product=anissamen","url":"https:\/\/balvera.com\/?product=anissamen","name":"Anissamen 100g - Gew\u00fcrze Balvera","isPartOf":{"@id":"https:\/\/balvera.com\/#website"},"primaryImageOfPage":{"@id":"https:\/\/balvera.com\/?product=anissamen#primaryimage"},"image":{"@id":"https:\/\/balvera.com\/?product=anissamen#primaryimage"},"thumbnailUrl":"https:\/\/balvera.com\/wp-content\/uploads\/2021\/11\/anissamen-1kg.jpg","datePublished":"2021-11-16T15:26:58+00:00","dateModified":"2023-10-29T08:07:54+00:00","breadcrumb":{"@id":"https:\/\/balvera.com\/?product=anissamen#breadcrumb"},"inLanguage":"de","potentialAction":[{"@type":"ReadAction","target":["https:\/\/balvera.com\/?product=anissamen"]}]},{"@type":"ImageObject","inLanguage":"de","@id":"https:\/\/balvera.com\/?product=anissamen#primaryimage","url":"https:\/\/balvera.com\/wp-content\/uploads\/2021\/11\/anissamen-1kg.jpg","contentUrl":"https:\/\/balvera.com\/wp-content\/uploads\/2021\/11\/anissamen-1kg.jpg","width":800,"height":800},{"@type":"BreadcrumbList","@id":"https:\/\/balvera.com\/?product=anissamen#breadcrumb","itemListElement":[{"@type":"ListItem","position":1,"name":"Home","item":"https:\/\/balvera.com\/"},{"@type":"ListItem","position":2,"name":"Shop","item":"https:\/\/balvera.com\/?page_id=12"},{"@type":"ListItem","position":3,"name":"Anissamen 100g"}]},{"@type":"WebSite","@id":"https:\/\/balvera.com\/#website","url":"https:\/\/balvera.com\/","name":"Gew\u00fcrze Balvera","description":"Gew\u00fcrze, Trockenfr\u00fcchte, N\u00fcsse und Samen, SPORTERN\u00c4HRUNG","publisher":{"@id":"https:\/\/balvera.com\/#organization"},"potentialAction":[{"@type":"SearchAction","target":{"@type":"EntryPoint","urlTemplate":"https:\/\/balvera.com\/?s={search_term_string}"},"query-input":{"@type":"PropertyValueSpecification","valueRequired":true,"valueName":"search_term_string"}}],"inLanguage":"de"},{"@type":"Organization","@id":"https:\/\/balvera.com\/#organization","name":"Gew\u00fcrze Balvera","url":"https:\/\/balvera.com\/","logo":{"@type":"ImageObject","inLanguage":"de","@id":"https:\/\/balvera.com\/#\/schema\/logo\/image\/","url":"https:\/\/balvera.com\/wp-content\/uploads\/2021\/11\/cropped-cropped-balvera-LOGO.png","contentUrl":"https:\/\/balvera.com\/wp-content\/uploads\/2021\/11\/cropped-cropped-balvera-LOGO.png","width":297,"height":51,"caption":"Gew\u00fcrze Balvera"},"image":{"@id":"https:\/\/balvera.com\/#\/schema\/logo\/image\/"}}]}},"_links":{"self":[{"href":"https:\/\/balvera.com\/index.php?rest_route=\/wp\/v2\/product\/594","targetHints":{"allow":["GET"]}}],"collection":[{"href":"https:\/\/balvera.com\/index.php?rest_route=\/wp\/v2\/product"}],"about":[{"href":"https:\/\/balvera.com\/index.php?rest_route=\/wp\/v2\/types\/product"}],"replies":[{"embeddable":true,"href":"https:\/\/balvera.com\/index.php?rest_route=%2Fwp%2Fv2%2Fcomments&post=594"}],"wp:featuredmedia":[{"embeddable":true,"href":"https:\/\/balvera.com\/index.php?rest_route=\/wp\/v2\/media\/595"}],"wp:attachment":[{"href":"https:\/\/balvera.com\/index.php?rest_route=%2Fwp%2Fv2%2Fmedia&parent=594"}],"wp:term":[{"taxonomy":"product_brand","embeddable":true,"href":"https:\/\/balvera.com\/index.php?rest_route=%2Fwp%2Fv2%2Fproduct_brand&post=594"},{"taxonomy":"product_cat","embeddable":true,"href":"https:\/\/balvera.com\/index.php?rest_route=%2Fwp%2Fv2%2Fproduct_cat&post=594"},{"taxonomy":"product_tag","embeddable":true,"href":"https:\/\/balvera.com\/index.php?rest_route=%2Fwp%2Fv2%2Fproduct_tag&post=594"}],"curies":[{"name":"wp","href":"https:\/\/api.w.org\/{rel}","templated":true}]}}