{"id":1872,"date":"2021-12-08T23:26:24","date_gmt":"2021-12-08T22:26:24","guid":{"rendered":"https:\/\/balvera.com\/?post_type=product&#038;p=1872"},"modified":"2021-12-08T23:26:25","modified_gmt":"2021-12-08T22:26:25","slug":"optimum-nutrition-bcaa-mega-size-1000mg-400-caps","status":"publish","type":"product","link":"https:\/\/balvera.com\/?product=optimum-nutrition-bcaa-mega-size-1000mg-400-caps","title":{"rendered":"OPTIMUM NUTRITION BCAA Mega-Size 1000mg. \/ 400 Caps."},"content":{"rendered":"<h2>Eigenschaften Optimum Nutrition BCAA 1000<\/h2>\n<div class=\"contenido\">\n<div align=\"justify\">\n<ul>\n<li>Reines Gemisch aus BCAAs f\u00fcr deinen t\u00e4glichen Bedarf.<\/li>\n<li>Liefert 1,000mg Gemisch aus 3 essentiellen BCAAs<\/li>\n<li>2:1:1 Verh_ltnis aus L-Leucin, L-Isoleucin &amp; L-Valin.<\/li>\n<li>Genie\u00dfe es als erstes am Morgen und\/oder vor oder nach dem Training<\/li>\n<\/ul>\n<p>Unsere\u00a0<strong>BCAA 1000<\/strong>\u00a0Kapseln liefern dir ein Gemisch aus 1,000mg (1g) BCAAs f\u00fcr deinen t\u00e4glichen Bedarf.<\/p>\n<p>Jede\u00a0<strong>BCAA 1000<\/strong>\u00a0Kapsel setzt 1,000mg der 3 verzweigtkettige Aminos\u00e4uren (L-Leucin, L-Isoleucin, und L-Valin) in einem genauen Verh_ltnis von 2:1:1 frei. BCAAs sind essentiell und kann vom K\u00f6rper nicht selbst hergestellt werden.<\/p>\n<p><strong>Verzehrempfehlung<\/strong><\/p>\n<p>BCAA 1000 Kapseln sollten als erste Mahlzeit am Morgen und\/oder 30 Minuten vor oder unmittelbar nach dem Training eingenommen werden. Nimm einfach 2 Kapseln mit einem Getr\u00e4nk deiner Wahl oder deinem ON Protein Shake ein.<\/p>\n<p><strong>Inhalt<\/strong><\/p>\n<p>Optimum Nutrition BCAA 1000 &#8211; 400 Kapseln<\/p>\n<p><span style=\"color: ff6600;\"><strong>Zutaten<\/strong><\/span><\/p>\n<p>L-Leucin, L-Isoleucin, L-Valin, Gelatinekapsel, F\u00fcllstoff (mikrokristalline Cellulose), Trennmittel (Magnesiumsalze der Speisefetts\u00e4uren, Siliciumdioxid).<\/p>\n<p><span style=\"color: ff6600;\"><strong>N\u00e4hrwerte<\/strong><\/span><span style=\"color: ff6600;\"><strong><br \/>\n<\/strong><\/span><\/p>\n<table>\n<tbody>\n<tr>\n<th><\/th>\n<th>Menge pro Portion<\/th>\n<\/tr>\n<tr>\n<td>L-Leucin<\/td>\n<td>500 mg<\/td>\n<\/tr>\n<tr>\n<td>L-Isoleucin<\/td>\n<td>250 mg<\/td>\n<\/tr>\n<tr>\n<td>L-Valin<\/td>\n<td>250 mg<\/td>\n<\/tr>\n<\/tbody>\n<\/table>\n<\/div>\n<\/div>\n","protected":false},"excerpt":{"rendered":"<p>Eigenschaften Optimum Nutrition BCAA 1000 Reines Gemisch aus BCAAs f\u00fcr deinen t\u00e4glichen Bedarf. Liefert 1,000mg Gemisch aus 3 essentiellen BCAAs&#8230;<\/p>\n","protected":false},"featured_media":1874,"comment_status":"open","ping_status":"closed","template":"","meta":{"_monsterinsights_skip_tracking":false,"_monsterinsights_sitenote_active":false,"_monsterinsights_sitenote_note":"","_monsterinsights_sitenote_category":0},"product_brand":[],"product_cat":[383,258],"product_tag":[387],"class_list":{"0":"post-1872","1":"product","2":"type-product","3":"status-publish","4":"has-post-thumbnail","6":"product_cat-aminosaeuren","7":"product_cat-sporternahrung","8":"product_tag-optimum-nutrition","9":"product_shipping_class-f","11":"first","12":"instock","13":"shipping-taxable","14":"purchasable","15":"product-type-simple"},"yoast_head":"<!-- This site is optimized with the Yoast SEO plugin v26.7 - https:\/\/yoast.com\/wordpress\/plugins\/seo\/ -->\n<title>OPTIMUM NUTRITION BCAA Mega-Size 1000mg. \/ 400 Caps. - Gew\u00fcrze Balvera<\/title>\n<meta name=\"robots\" content=\"index, follow, max-snippet:-1, max-image-preview:large, max-video-preview:-1\" \/>\n<link rel=\"canonical\" href=\"https:\/\/balvera.com\/?product=optimum-nutrition-bcaa-mega-size-1000mg-400-caps\" \/>\n<meta property=\"og:locale\" content=\"de_DE\" \/>\n<meta property=\"og:type\" content=\"article\" \/>\n<meta property=\"og:title\" content=\"OPTIMUM NUTRITION BCAA Mega-Size 1000mg. \/ 400 Caps. - Gew\u00fcrze Balvera\" \/>\n<meta property=\"og:description\" content=\"Eigenschaften Optimum Nutrition BCAA 1000 Reines Gemisch aus BCAAs f\u00fcr deinen t\u00e4glichen Bedarf. Liefert 1,000mg Gemisch aus 3 essentiellen BCAAs...\" \/>\n<meta property=\"og:url\" content=\"https:\/\/balvera.com\/?product=optimum-nutrition-bcaa-mega-size-1000mg-400-caps\" \/>\n<meta property=\"og:site_name\" content=\"Gew\u00fcrze Balvera\" \/>\n<meta property=\"article:modified_time\" content=\"2021-12-08T22:26:25+00:00\" \/>\n<meta property=\"og:image\" content=\"https:\/\/balvera.com\/wp-content\/uploads\/2021\/12\/optimum-nutrition-bcaa-mega-size-1000mg-400-caps.png\" \/>\n\t<meta property=\"og:image:width\" content=\"800\" \/>\n\t<meta property=\"og:image:height\" content=\"800\" \/>\n\t<meta property=\"og:image:type\" content=\"image\/png\" \/>\n<meta name=\"twitter:card\" content=\"summary_large_image\" \/>\n<meta name=\"twitter:label1\" content=\"Gesch\u00e4tzte Lesezeit\" \/>\n\t<meta name=\"twitter:data1\" content=\"1\u00a0Minute\" \/>\n<script type=\"application\/ld+json\" class=\"yoast-schema-graph\">{\"@context\":\"https:\/\/schema.org\",\"@graph\":[{\"@type\":\"WebPage\",\"@id\":\"https:\/\/balvera.com\/?product=optimum-nutrition-bcaa-mega-size-1000mg-400-caps\",\"url\":\"https:\/\/balvera.com\/?product=optimum-nutrition-bcaa-mega-size-1000mg-400-caps\",\"name\":\"OPTIMUM NUTRITION BCAA Mega-Size 1000mg. \/ 400 Caps. - Gew\u00fcrze Balvera\",\"isPartOf\":{\"@id\":\"https:\/\/balvera.com\/#website\"},\"primaryImageOfPage\":{\"@id\":\"https:\/\/balvera.com\/?product=optimum-nutrition-bcaa-mega-size-1000mg-400-caps#primaryimage\"},\"image\":{\"@id\":\"https:\/\/balvera.com\/?product=optimum-nutrition-bcaa-mega-size-1000mg-400-caps#primaryimage\"},\"thumbnailUrl\":\"https:\/\/balvera.com\/wp-content\/uploads\/2021\/12\/optimum-nutrition-bcaa-mega-size-1000mg-400-caps.png\",\"datePublished\":\"2021-12-08T22:26:24+00:00\",\"dateModified\":\"2021-12-08T22:26:25+00:00\",\"breadcrumb\":{\"@id\":\"https:\/\/balvera.com\/?product=optimum-nutrition-bcaa-mega-size-1000mg-400-caps#breadcrumb\"},\"inLanguage\":\"de\",\"potentialAction\":[{\"@type\":\"ReadAction\",\"target\":[\"https:\/\/balvera.com\/?product=optimum-nutrition-bcaa-mega-size-1000mg-400-caps\"]}]},{\"@type\":\"ImageObject\",\"inLanguage\":\"de\",\"@id\":\"https:\/\/balvera.com\/?product=optimum-nutrition-bcaa-mega-size-1000mg-400-caps#primaryimage\",\"url\":\"https:\/\/balvera.com\/wp-content\/uploads\/2021\/12\/optimum-nutrition-bcaa-mega-size-1000mg-400-caps.png\",\"contentUrl\":\"https:\/\/balvera.com\/wp-content\/uploads\/2021\/12\/optimum-nutrition-bcaa-mega-size-1000mg-400-caps.png\",\"width\":800,\"height\":800},{\"@type\":\"BreadcrumbList\",\"@id\":\"https:\/\/balvera.com\/?product=optimum-nutrition-bcaa-mega-size-1000mg-400-caps#breadcrumb\",\"itemListElement\":[{\"@type\":\"ListItem\",\"position\":1,\"name\":\"Home\",\"item\":\"https:\/\/balvera.com\/\"},{\"@type\":\"ListItem\",\"position\":2,\"name\":\"Shop\",\"item\":\"https:\/\/balvera.com\/?page_id=12\"},{\"@type\":\"ListItem\",\"position\":3,\"name\":\"OPTIMUM NUTRITION BCAA Mega-Size 1000mg. \/ 400 Caps.\"}]},{\"@type\":\"WebSite\",\"@id\":\"https:\/\/balvera.com\/#website\",\"url\":\"https:\/\/balvera.com\/\",\"name\":\"Gew\u00fcrze Balvera\",\"description\":\"Gew\u00fcrze, Trockenfr\u00fcchte, N\u00fcsse und Samen, SPORTERN\u00c4HRUNG\",\"publisher\":{\"@id\":\"https:\/\/balvera.com\/#organization\"},\"potentialAction\":[{\"@type\":\"SearchAction\",\"target\":{\"@type\":\"EntryPoint\",\"urlTemplate\":\"https:\/\/balvera.com\/?s={search_term_string}\"},\"query-input\":{\"@type\":\"PropertyValueSpecification\",\"valueRequired\":true,\"valueName\":\"search_term_string\"}}],\"inLanguage\":\"de\"},{\"@type\":\"Organization\",\"@id\":\"https:\/\/balvera.com\/#organization\",\"name\":\"Gew\u00fcrze Balvera\",\"url\":\"https:\/\/balvera.com\/\",\"logo\":{\"@type\":\"ImageObject\",\"inLanguage\":\"de\",\"@id\":\"https:\/\/balvera.com\/#\/schema\/logo\/image\/\",\"url\":\"https:\/\/balvera.com\/wp-content\/uploads\/2021\/11\/cropped-cropped-balvera-LOGO.png\",\"contentUrl\":\"https:\/\/balvera.com\/wp-content\/uploads\/2021\/11\/cropped-cropped-balvera-LOGO.png\",\"width\":297,\"height\":51,\"caption\":\"Gew\u00fcrze Balvera\"},\"image\":{\"@id\":\"https:\/\/balvera.com\/#\/schema\/logo\/image\/\"}}]}<\/script>\n<!-- \/ Yoast SEO plugin. -->","yoast_head_json":{"title":"OPTIMUM NUTRITION BCAA Mega-Size 1000mg. \/ 400 Caps. - Gew\u00fcrze Balvera","robots":{"index":"index","follow":"follow","max-snippet":"max-snippet:-1","max-image-preview":"max-image-preview:large","max-video-preview":"max-video-preview:-1"},"canonical":"https:\/\/balvera.com\/?product=optimum-nutrition-bcaa-mega-size-1000mg-400-caps","og_locale":"de_DE","og_type":"article","og_title":"OPTIMUM NUTRITION BCAA Mega-Size 1000mg. \/ 400 Caps. - Gew\u00fcrze Balvera","og_description":"Eigenschaften Optimum Nutrition BCAA 1000 Reines Gemisch aus BCAAs f\u00fcr deinen t\u00e4glichen Bedarf. Liefert 1,000mg Gemisch aus 3 essentiellen BCAAs...","og_url":"https:\/\/balvera.com\/?product=optimum-nutrition-bcaa-mega-size-1000mg-400-caps","og_site_name":"Gew\u00fcrze Balvera","article_modified_time":"2021-12-08T22:26:25+00:00","og_image":[{"width":800,"height":800,"url":"https:\/\/balvera.com\/wp-content\/uploads\/2021\/12\/optimum-nutrition-bcaa-mega-size-1000mg-400-caps.png","type":"image\/png"}],"twitter_card":"summary_large_image","twitter_misc":{"Gesch\u00e4tzte Lesezeit":"1\u00a0Minute"},"schema":{"@context":"https:\/\/schema.org","@graph":[{"@type":"WebPage","@id":"https:\/\/balvera.com\/?product=optimum-nutrition-bcaa-mega-size-1000mg-400-caps","url":"https:\/\/balvera.com\/?product=optimum-nutrition-bcaa-mega-size-1000mg-400-caps","name":"OPTIMUM NUTRITION BCAA Mega-Size 1000mg. \/ 400 Caps. - Gew\u00fcrze Balvera","isPartOf":{"@id":"https:\/\/balvera.com\/#website"},"primaryImageOfPage":{"@id":"https:\/\/balvera.com\/?product=optimum-nutrition-bcaa-mega-size-1000mg-400-caps#primaryimage"},"image":{"@id":"https:\/\/balvera.com\/?product=optimum-nutrition-bcaa-mega-size-1000mg-400-caps#primaryimage"},"thumbnailUrl":"https:\/\/balvera.com\/wp-content\/uploads\/2021\/12\/optimum-nutrition-bcaa-mega-size-1000mg-400-caps.png","datePublished":"2021-12-08T22:26:24+00:00","dateModified":"2021-12-08T22:26:25+00:00","breadcrumb":{"@id":"https:\/\/balvera.com\/?product=optimum-nutrition-bcaa-mega-size-1000mg-400-caps#breadcrumb"},"inLanguage":"de","potentialAction":[{"@type":"ReadAction","target":["https:\/\/balvera.com\/?product=optimum-nutrition-bcaa-mega-size-1000mg-400-caps"]}]},{"@type":"ImageObject","inLanguage":"de","@id":"https:\/\/balvera.com\/?product=optimum-nutrition-bcaa-mega-size-1000mg-400-caps#primaryimage","url":"https:\/\/balvera.com\/wp-content\/uploads\/2021\/12\/optimum-nutrition-bcaa-mega-size-1000mg-400-caps.png","contentUrl":"https:\/\/balvera.com\/wp-content\/uploads\/2021\/12\/optimum-nutrition-bcaa-mega-size-1000mg-400-caps.png","width":800,"height":800},{"@type":"BreadcrumbList","@id":"https:\/\/balvera.com\/?product=optimum-nutrition-bcaa-mega-size-1000mg-400-caps#breadcrumb","itemListElement":[{"@type":"ListItem","position":1,"name":"Home","item":"https:\/\/balvera.com\/"},{"@type":"ListItem","position":2,"name":"Shop","item":"https:\/\/balvera.com\/?page_id=12"},{"@type":"ListItem","position":3,"name":"OPTIMUM NUTRITION BCAA Mega-Size 1000mg. \/ 400 Caps."}]},{"@type":"WebSite","@id":"https:\/\/balvera.com\/#website","url":"https:\/\/balvera.com\/","name":"Gew\u00fcrze Balvera","description":"Gew\u00fcrze, Trockenfr\u00fcchte, N\u00fcsse und Samen, SPORTERN\u00c4HRUNG","publisher":{"@id":"https:\/\/balvera.com\/#organization"},"potentialAction":[{"@type":"SearchAction","target":{"@type":"EntryPoint","urlTemplate":"https:\/\/balvera.com\/?s={search_term_string}"},"query-input":{"@type":"PropertyValueSpecification","valueRequired":true,"valueName":"search_term_string"}}],"inLanguage":"de"},{"@type":"Organization","@id":"https:\/\/balvera.com\/#organization","name":"Gew\u00fcrze Balvera","url":"https:\/\/balvera.com\/","logo":{"@type":"ImageObject","inLanguage":"de","@id":"https:\/\/balvera.com\/#\/schema\/logo\/image\/","url":"https:\/\/balvera.com\/wp-content\/uploads\/2021\/11\/cropped-cropped-balvera-LOGO.png","contentUrl":"https:\/\/balvera.com\/wp-content\/uploads\/2021\/11\/cropped-cropped-balvera-LOGO.png","width":297,"height":51,"caption":"Gew\u00fcrze Balvera"},"image":{"@id":"https:\/\/balvera.com\/#\/schema\/logo\/image\/"}}]}},"_links":{"self":[{"href":"https:\/\/balvera.com\/index.php?rest_route=\/wp\/v2\/product\/1872","targetHints":{"allow":["GET"]}}],"collection":[{"href":"https:\/\/balvera.com\/index.php?rest_route=\/wp\/v2\/product"}],"about":[{"href":"https:\/\/balvera.com\/index.php?rest_route=\/wp\/v2\/types\/product"}],"replies":[{"embeddable":true,"href":"https:\/\/balvera.com\/index.php?rest_route=%2Fwp%2Fv2%2Fcomments&post=1872"}],"wp:featuredmedia":[{"embeddable":true,"href":"https:\/\/balvera.com\/index.php?rest_route=\/wp\/v2\/media\/1874"}],"wp:attachment":[{"href":"https:\/\/balvera.com\/index.php?rest_route=%2Fwp%2Fv2%2Fmedia&parent=1872"}],"wp:term":[{"taxonomy":"product_brand","embeddable":true,"href":"https:\/\/balvera.com\/index.php?rest_route=%2Fwp%2Fv2%2Fproduct_brand&post=1872"},{"taxonomy":"product_cat","embeddable":true,"href":"https:\/\/balvera.com\/index.php?rest_route=%2Fwp%2Fv2%2Fproduct_cat&post=1872"},{"taxonomy":"product_tag","embeddable":true,"href":"https:\/\/balvera.com\/index.php?rest_route=%2Fwp%2Fv2%2Fproduct_tag&post=1872"}],"curies":[{"name":"wp","href":"https:\/\/api.w.org\/{rel}","templated":true}]}}