{"id":65,"date":"2019-07-30T05:56:29","date_gmt":"2019-07-30T05:56:29","guid":{"rendered":"https:\/\/demo.themefarmer.com\/newstore\/?page_id=65"},"modified":"2023-10-29T08:46:06","modified_gmt":"2023-10-29T07:46:06","slug":"home-2","status":"publish","type":"page","link":"https:\/\/balvera.com\/","title":{"rendered":"Gew\u00fcrze K\u00f6rner und gemahlen, getrocknete Bl\u00e4tter, f\u00fcr S\u00fc\u00dfwaren, Mischungen, Trockenfr\u00fcchte, N\u00fcsse und Samen, Sportern\u00e4hrung"},"content":{"rendered":"","protected":false},"excerpt":{"rendered":"","protected":false},"author":1,"featured_media":0,"parent":0,"menu_order":0,"comment_status":"closed","ping_status":"closed","template":"templates\/frontpage.php","meta":{"_monsterinsights_skip_tracking":false,"_monsterinsights_sitenote_active":false,"_monsterinsights_sitenote_note":"","_monsterinsights_sitenote_category":0,"footnotes":""},"class_list":["post-65","page","type-page","status-publish","hentry"],"yoast_head":"<!-- This site is optimized with the Yoast SEO plugin v26.7 - https:\/\/yoast.com\/wordpress\/plugins\/seo\/ -->\n<title>Gew\u00fcrze K\u00f6rner und gemahlen, getrocknete Bl\u00e4tter, f\u00fcr S\u00fc\u00dfwaren, Mischungen, Trockenfr\u00fcchte, N\u00fcsse und Samen, Sportern\u00e4hrung - Gew\u00fcrze Balvera<\/title>\n<meta name=\"description\" content=\"Gew\u00fcrze f\u00fcr jede K\u00fcche und jeden Koch. Alle Gew\u00fcrze aus aller Welt, Getreidegew\u00fcrze und gemahlene Gew\u00fcrze, getrocknete Bl\u00e4tter, f\u00fcr S\u00fc\u00dfwaren und Mischungen. Alles, was Sie f\u00fcr einen Meisterkoch oder kulinarischen Enthusiasten brauchen. F\u00fcr alle Gerichte, Gew\u00fcrze und W\u00fcrzmischungen in Spitzenqualit\u00e4t zu exklusiven Preisen.\" \/>\n<meta name=\"robots\" content=\"index, follow, max-snippet:-1, max-image-preview:large, max-video-preview:-1\" \/>\n<link rel=\"canonical\" href=\"https:\/\/balvera.com\/\" \/>\n<meta property=\"og:locale\" content=\"de_DE\" \/>\n<meta property=\"og:type\" content=\"article\" \/>\n<meta property=\"og:title\" content=\"Gew\u00fcrze K\u00f6rner und gemahlen, getrocknete Bl\u00e4tter, f\u00fcr S\u00fc\u00dfwaren, Mischungen, Trockenfr\u00fcchte, N\u00fcsse und Samen, Sportern\u00e4hrung - Gew\u00fcrze Balvera\" \/>\n<meta property=\"og:description\" content=\"Gew\u00fcrze f\u00fcr jede K\u00fcche und jeden Koch. Alle Gew\u00fcrze aus aller Welt, Getreidegew\u00fcrze und gemahlene Gew\u00fcrze, getrocknete Bl\u00e4tter, f\u00fcr S\u00fc\u00dfwaren und Mischungen. Alles, was Sie f\u00fcr einen Meisterkoch oder kulinarischen Enthusiasten brauchen. F\u00fcr alle Gerichte, Gew\u00fcrze und W\u00fcrzmischungen in Spitzenqualit\u00e4t zu exklusiven Preisen.\" \/>\n<meta property=\"og:url\" content=\"https:\/\/balvera.com\/\" \/>\n<meta property=\"og:site_name\" content=\"Gew\u00fcrze Balvera\" \/>\n<meta property=\"article:modified_time\" content=\"2023-10-29T07:46:06+00:00\" \/>\n<meta name=\"twitter:card\" content=\"summary_large_image\" \/>\n<script type=\"application\/ld+json\" class=\"yoast-schema-graph\">{\"@context\":\"https:\/\/schema.org\",\"@graph\":[{\"@type\":\"WebPage\",\"@id\":\"https:\/\/balvera.com\/\",\"url\":\"https:\/\/balvera.com\/\",\"name\":\"Gew\u00fcrze K\u00f6rner und gemahlen, getrocknete Bl\u00e4tter, f\u00fcr S\u00fc\u00dfwaren, Mischungen, Trockenfr\u00fcchte, N\u00fcsse und Samen, Sportern\u00e4hrung - Gew\u00fcrze Balvera\",\"isPartOf\":{\"@id\":\"https:\/\/balvera.com\/#website\"},\"datePublished\":\"2019-07-30T05:56:29+00:00\",\"dateModified\":\"2023-10-29T07:46:06+00:00\",\"description\":\"Gew\u00fcrze f\u00fcr jede K\u00fcche und jeden Koch. Alle Gew\u00fcrze aus aller Welt, Getreidegew\u00fcrze und gemahlene Gew\u00fcrze, getrocknete Bl\u00e4tter, f\u00fcr S\u00fc\u00dfwaren und Mischungen. Alles, was Sie f\u00fcr einen Meisterkoch oder kulinarischen Enthusiasten brauchen. F\u00fcr alle Gerichte, Gew\u00fcrze und W\u00fcrzmischungen in Spitzenqualit\u00e4t zu exklusiven Preisen.\",\"breadcrumb\":{\"@id\":\"https:\/\/balvera.com\/#breadcrumb\"},\"inLanguage\":\"de\",\"potentialAction\":[{\"@type\":\"ReadAction\",\"target\":[\"https:\/\/balvera.com\/\"]}]},{\"@type\":\"BreadcrumbList\",\"@id\":\"https:\/\/balvera.com\/#breadcrumb\",\"itemListElement\":[{\"@type\":\"ListItem\",\"position\":1,\"name\":\"Home\",\"item\":\"https:\/\/balvera.com\/\"},{\"@type\":\"ListItem\",\"position\":2,\"name\":\"Gew\u00fcrze K\u00f6rner und gemahlen, getrocknete Bl\u00e4tter, f\u00fcr S\u00fc\u00dfwaren, Mischungen, Trockenfr\u00fcchte, N\u00fcsse und Samen, Sportern\u00e4hrung\"}]},{\"@type\":\"WebSite\",\"@id\":\"https:\/\/balvera.com\/#website\",\"url\":\"https:\/\/balvera.com\/\",\"name\":\"Gew\u00fcrze Balvera\",\"description\":\"Gew\u00fcrze, Trockenfr\u00fcchte, N\u00fcsse und Samen, SPORTERN\u00c4HRUNG\",\"publisher\":{\"@id\":\"https:\/\/balvera.com\/#organization\"},\"potentialAction\":[{\"@type\":\"SearchAction\",\"target\":{\"@type\":\"EntryPoint\",\"urlTemplate\":\"https:\/\/balvera.com\/?s={search_term_string}\"},\"query-input\":{\"@type\":\"PropertyValueSpecification\",\"valueRequired\":true,\"valueName\":\"search_term_string\"}}],\"inLanguage\":\"de\"},{\"@type\":\"Organization\",\"@id\":\"https:\/\/balvera.com\/#organization\",\"name\":\"Gew\u00fcrze Balvera\",\"url\":\"https:\/\/balvera.com\/\",\"logo\":{\"@type\":\"ImageObject\",\"inLanguage\":\"de\",\"@id\":\"https:\/\/balvera.com\/#\/schema\/logo\/image\/\",\"url\":\"https:\/\/balvera.com\/wp-content\/uploads\/2021\/11\/cropped-cropped-balvera-LOGO.png\",\"contentUrl\":\"https:\/\/balvera.com\/wp-content\/uploads\/2021\/11\/cropped-cropped-balvera-LOGO.png\",\"width\":297,\"height\":51,\"caption\":\"Gew\u00fcrze Balvera\"},\"image\":{\"@id\":\"https:\/\/balvera.com\/#\/schema\/logo\/image\/\"}}]}<\/script>\n<!-- \/ Yoast SEO plugin. -->","yoast_head_json":{"title":"Gew\u00fcrze K\u00f6rner und gemahlen, getrocknete Bl\u00e4tter, f\u00fcr S\u00fc\u00dfwaren, Mischungen, Trockenfr\u00fcchte, N\u00fcsse und Samen, Sportern\u00e4hrung - Gew\u00fcrze Balvera","description":"Gew\u00fcrze f\u00fcr jede K\u00fcche und jeden Koch. Alle Gew\u00fcrze aus aller Welt, Getreidegew\u00fcrze und gemahlene Gew\u00fcrze, getrocknete Bl\u00e4tter, f\u00fcr S\u00fc\u00dfwaren und Mischungen. Alles, was Sie f\u00fcr einen Meisterkoch oder kulinarischen Enthusiasten brauchen. F\u00fcr alle Gerichte, Gew\u00fcrze und W\u00fcrzmischungen in Spitzenqualit\u00e4t zu exklusiven Preisen.","robots":{"index":"index","follow":"follow","max-snippet":"max-snippet:-1","max-image-preview":"max-image-preview:large","max-video-preview":"max-video-preview:-1"},"canonical":"https:\/\/balvera.com\/","og_locale":"de_DE","og_type":"article","og_title":"Gew\u00fcrze K\u00f6rner und gemahlen, getrocknete Bl\u00e4tter, f\u00fcr S\u00fc\u00dfwaren, Mischungen, Trockenfr\u00fcchte, N\u00fcsse und Samen, Sportern\u00e4hrung - Gew\u00fcrze Balvera","og_description":"Gew\u00fcrze f\u00fcr jede K\u00fcche und jeden Koch. Alle Gew\u00fcrze aus aller Welt, Getreidegew\u00fcrze und gemahlene Gew\u00fcrze, getrocknete Bl\u00e4tter, f\u00fcr S\u00fc\u00dfwaren und Mischungen. Alles, was Sie f\u00fcr einen Meisterkoch oder kulinarischen Enthusiasten brauchen. F\u00fcr alle Gerichte, Gew\u00fcrze und W\u00fcrzmischungen in Spitzenqualit\u00e4t zu exklusiven Preisen.","og_url":"https:\/\/balvera.com\/","og_site_name":"Gew\u00fcrze Balvera","article_modified_time":"2023-10-29T07:46:06+00:00","twitter_card":"summary_large_image","schema":{"@context":"https:\/\/schema.org","@graph":[{"@type":"WebPage","@id":"https:\/\/balvera.com\/","url":"https:\/\/balvera.com\/","name":"Gew\u00fcrze K\u00f6rner und gemahlen, getrocknete Bl\u00e4tter, f\u00fcr S\u00fc\u00dfwaren, Mischungen, Trockenfr\u00fcchte, N\u00fcsse und Samen, Sportern\u00e4hrung - Gew\u00fcrze Balvera","isPartOf":{"@id":"https:\/\/balvera.com\/#website"},"datePublished":"2019-07-30T05:56:29+00:00","dateModified":"2023-10-29T07:46:06+00:00","description":"Gew\u00fcrze f\u00fcr jede K\u00fcche und jeden Koch. Alle Gew\u00fcrze aus aller Welt, Getreidegew\u00fcrze und gemahlene Gew\u00fcrze, getrocknete Bl\u00e4tter, f\u00fcr S\u00fc\u00dfwaren und Mischungen. Alles, was Sie f\u00fcr einen Meisterkoch oder kulinarischen Enthusiasten brauchen. F\u00fcr alle Gerichte, Gew\u00fcrze und W\u00fcrzmischungen in Spitzenqualit\u00e4t zu exklusiven Preisen.","breadcrumb":{"@id":"https:\/\/balvera.com\/#breadcrumb"},"inLanguage":"de","potentialAction":[{"@type":"ReadAction","target":["https:\/\/balvera.com\/"]}]},{"@type":"BreadcrumbList","@id":"https:\/\/balvera.com\/#breadcrumb","itemListElement":[{"@type":"ListItem","position":1,"name":"Home","item":"https:\/\/balvera.com\/"},{"@type":"ListItem","position":2,"name":"Gew\u00fcrze K\u00f6rner und gemahlen, getrocknete Bl\u00e4tter, f\u00fcr S\u00fc\u00dfwaren, Mischungen, Trockenfr\u00fcchte, N\u00fcsse und Samen, Sportern\u00e4hrung"}]},{"@type":"WebSite","@id":"https:\/\/balvera.com\/#website","url":"https:\/\/balvera.com\/","name":"Gew\u00fcrze Balvera","description":"Gew\u00fcrze, Trockenfr\u00fcchte, N\u00fcsse und Samen, SPORTERN\u00c4HRUNG","publisher":{"@id":"https:\/\/balvera.com\/#organization"},"potentialAction":[{"@type":"SearchAction","target":{"@type":"EntryPoint","urlTemplate":"https:\/\/balvera.com\/?s={search_term_string}"},"query-input":{"@type":"PropertyValueSpecification","valueRequired":true,"valueName":"search_term_string"}}],"inLanguage":"de"},{"@type":"Organization","@id":"https:\/\/balvera.com\/#organization","name":"Gew\u00fcrze Balvera","url":"https:\/\/balvera.com\/","logo":{"@type":"ImageObject","inLanguage":"de","@id":"https:\/\/balvera.com\/#\/schema\/logo\/image\/","url":"https:\/\/balvera.com\/wp-content\/uploads\/2021\/11\/cropped-cropped-balvera-LOGO.png","contentUrl":"https:\/\/balvera.com\/wp-content\/uploads\/2021\/11\/cropped-cropped-balvera-LOGO.png","width":297,"height":51,"caption":"Gew\u00fcrze Balvera"},"image":{"@id":"https:\/\/balvera.com\/#\/schema\/logo\/image\/"}}]}},"_links":{"self":[{"href":"https:\/\/balvera.com\/index.php?rest_route=\/wp\/v2\/pages\/65","targetHints":{"allow":["GET"]}}],"collection":[{"href":"https:\/\/balvera.com\/index.php?rest_route=\/wp\/v2\/pages"}],"about":[{"href":"https:\/\/balvera.com\/index.php?rest_route=\/wp\/v2\/types\/page"}],"author":[{"embeddable":true,"href":"https:\/\/balvera.com\/index.php?rest_route=\/wp\/v2\/users\/1"}],"replies":[{"embeddable":true,"href":"https:\/\/balvera.com\/index.php?rest_route=%2Fwp%2Fv2%2Fcomments&post=65"}],"version-history":[{"count":2,"href":"https:\/\/balvera.com\/index.php?rest_route=\/wp\/v2\/pages\/65\/revisions"}],"predecessor-version":[{"id":3784,"href":"https:\/\/balvera.com\/index.php?rest_route=\/wp\/v2\/pages\/65\/revisions\/3784"}],"wp:attachment":[{"href":"https:\/\/balvera.com\/index.php?rest_route=%2Fwp%2Fv2%2Fmedia&parent=65"}],"curies":[{"name":"wp","href":"https:\/\/api.w.org\/{rel}","templated":true}]}}